{"id":23,"date":"2020-06-03T13:20:43","date_gmt":"2020-06-03T10:20:43","guid":{"rendered":"http:\/\/demo.safirtema.com\/rota\/?page_id=23"},"modified":"2023-01-30T13:58:26","modified_gmt":"2023-01-30T10:58:26","slug":"cozum-ortaklari","status":"publish","type":"page","link":"https:\/\/qisturkiye.com\/en\/cozum-ortaklari\/","title":{"rendered":"\u00c7\u00f6z\u00fcm Ortaklar\u0131"},"content":{"rendered":"\n<figure class=\"wp-block-gallery has-nested-images columns-default is-cropped wp-block-gallery-1 is-layout-flex wp-block-gallery-is-layout-flex\">\n<figure class=\"wp-block-image size-large\"><img loading=\"lazy\" decoding=\"async\" width=\"369\" height=\"136\" data-id=\"415\" src=\"https:\/\/qisturkiye.com\/wp-content\/uploads\/2023\/01\/IGA.jpg\" alt=\"\" class=\"wp-image-415\" srcset=\"https:\/\/qisturkiye.com\/en\/wp-content\/uploads\/2023\/01\/IGA.jpg 369w, https:\/\/qisturkiye.com\/en\/wp-content\/uploads\/2023\/01\/IGA-300x111.jpg 300w\" sizes=\"auto, (max-width: 369px) 100vw, 369px\" \/><\/figure>\n\n\n\n<figure class=\"wp-block-image size-large\"><img loading=\"lazy\" decoding=\"async\" width=\"515\" height=\"316\" data-id=\"416\" src=\"https:\/\/qisturkiye.com\/wp-content\/uploads\/2023\/01\/istanbul-finanas-merkezi.jpg\" alt=\"\" class=\"wp-image-416\" srcset=\"https:\/\/qisturkiye.com\/en\/wp-content\/uploads\/2023\/01\/istanbul-finanas-merkezi.jpg 515w, https:\/\/qisturkiye.com\/en\/wp-content\/uploads\/2023\/01\/istanbul-finanas-merkezi-300x184.jpg 300w\" sizes=\"auto, (max-width: 515px) 100vw, 515px\" \/><\/figure>\n\n\n\n<figure class=\"wp-block-image size-large\"><img loading=\"lazy\" decoding=\"async\" width=\"388\" height=\"158\" data-id=\"417\" src=\"https:\/\/qisturkiye.com\/wp-content\/uploads\/2023\/01\/Namet.jpg\" alt=\"\" class=\"wp-image-417\" srcset=\"https:\/\/qisturkiye.com\/en\/wp-content\/uploads\/2023\/01\/Namet.jpg 388w, https:\/\/qisturkiye.com\/en\/wp-content\/uploads\/2023\/01\/Namet-300x122.jpg 300w\" sizes=\"auto, (max-width: 388px) 100vw, 388px\" \/><\/figure>\n\n\n\n<figure class=\"wp-block-image size-large\"><img loading=\"lazy\" decoding=\"async\" width=\"1024\" height=\"645\" data-id=\"418\" src=\"https:\/\/qisturkiye.com\/wp-content\/uploads\/2023\/01\/Ramada-Logo-1024x645.jpg\" alt=\"\" class=\"wp-image-418\" srcset=\"https:\/\/qisturkiye.com\/en\/wp-content\/uploads\/2023\/01\/Ramada-Logo-1024x645.jpg 1024w, https:\/\/qisturkiye.com\/en\/wp-content\/uploads\/2023\/01\/Ramada-Logo-300x189.jpg 300w, https:\/\/qisturkiye.com\/en\/wp-content\/uploads\/2023\/01\/Ramada-Logo-768x483.jpg 768w, https:\/\/qisturkiye.com\/en\/wp-content\/uploads\/2023\/01\/Ramada-Logo.jpg 1279w\" sizes=\"auto, (max-width: 1024px) 100vw, 1024px\" \/><\/figure>\n\n\n\n<figure class=\"wp-block-image size-large\"><img loading=\"lazy\" decoding=\"async\" width=\"514\" height=\"195\" data-id=\"419\" src=\"https:\/\/qisturkiye.com\/wp-content\/uploads\/2023\/01\/sabiha.jpg\" alt=\"\" class=\"wp-image-419\" srcset=\"https:\/\/qisturkiye.com\/en\/wp-content\/uploads\/2023\/01\/sabiha.jpg 514w, https:\/\/qisturkiye.com\/en\/wp-content\/uploads\/2023\/01\/sabiha-300x114.jpg 300w\" sizes=\"auto, (max-width: 514px) 100vw, 514px\" \/><\/figure>\n\n\n\n<figure class=\"wp-block-image size-large\"><img loading=\"lazy\" decoding=\"async\" width=\"864\" height=\"486\" data-id=\"420\" src=\"https:\/\/qisturkiye.com\/wp-content\/uploads\/2023\/01\/toki.jpg\" alt=\"\" class=\"wp-image-420\" srcset=\"https:\/\/qisturkiye.com\/en\/wp-content\/uploads\/2023\/01\/toki.jpg 864w, https:\/\/qisturkiye.com\/en\/wp-content\/uploads\/2023\/01\/toki-300x169.jpg 300w, https:\/\/qisturkiye.com\/en\/wp-content\/uploads\/2023\/01\/toki-768x432.jpg 768w\" sizes=\"auto, (max-width: 864px) 100vw, 864px\" \/><\/figure>\n<\/figure>\n","protected":false},"excerpt":{"rendered":"","protected":false},"author":1,"featured_media":0,"parent":0,"menu_order":0,"comment_status":"closed","ping_status":"closed","template":"pages\/page-references.php","meta":{"footnotes":""},"class_list":["post-23","page","type-page","status-publish","hentry"],"aioseo_notices":[],"_links":{"self":[{"href":"https:\/\/qisturkiye.com\/en\/wp-json\/wp\/v2\/pages\/23","targetHints":{"allow":["GET"]}}],"collection":[{"href":"https:\/\/qisturkiye.com\/en\/wp-json\/wp\/v2\/pages"}],"about":[{"href":"https:\/\/qisturkiye.com\/en\/wp-json\/wp\/v2\/types\/page"}],"author":[{"embeddable":true,"href":"https:\/\/qisturkiye.com\/en\/wp-json\/wp\/v2\/users\/1"}],"replies":[{"embeddable":true,"href":"https:\/\/qisturkiye.com\/en\/wp-json\/wp\/v2\/comments?post=23"}],"version-history":[{"count":3,"href":"https:\/\/qisturkiye.com\/en\/wp-json\/wp\/v2\/pages\/23\/revisions"}],"predecessor-version":[{"id":421,"href":"https:\/\/qisturkiye.com\/en\/wp-json\/wp\/v2\/pages\/23\/revisions\/421"}],"wp:attachment":[{"href":"https:\/\/qisturkiye.com\/en\/wp-json\/wp\/v2\/media?parent=23"}],"curies":[{"name":"wp","href":"https:\/\/api.w.org\/{rel}","templated":true}]}}